{"id":46806,"date":"2025-07-31T22:08:03","date_gmt":"2025-07-31T20:08:03","guid":{"rendered":"https:\/\/www.grundschule-am-stadtpark-steglitz.de\/?page_id=46806"},"modified":"2025-07-31T22:08:03","modified_gmt":"2025-07-31T20:08:03","slug":"klasse-2c-2024-25","status":"publish","type":"page","link":"https:\/\/www.grundschule-am-stadtpark-steglitz.de\/?page_id=46806","title":{"rendered":"Klasse 2c &#8211; 2024\/25"},"content":{"rendered":"<p style=\"text-align: justify;\"><span style=\"font-size: 18pt;\"><strong><span style=\"font-family: trebuchet ms, geneva, sans-serif; color: #000000;\"><a href=\"https:\/\/www.grundschule-am-stadtpark-steglitz.de\/wp-content\/uploads\/2025\/04\/Gluecksbringer1.gif\"><img loading=\"lazy\" decoding=\"async\" class=\"size-full wp-image-46186 alignright\" src=\"https:\/\/www.grundschule-am-stadtpark-steglitz.de\/wp-content\/uploads\/2025\/04\/Gluecksbringer1.gif\" alt=\"\" width=\"67\" height=\"124\"><\/a>Am 20. M\u00e4rz haben wir im Unterricht zum Thema Gl\u00fcck gearbeitet.<\/span><\/strong><\/span><\/p>\n<p style=\"text-align: justify;\"><span style=\"font-size: 14pt; font-family: trebuchet ms, geneva, sans-serif; color: #000000;\"><strong>Was ist eigentlich Gl\u00fcck? Gar nicht so leicht, diese Frage zu beantworten.<\/strong> <\/span><\/p>\n<p style=\"text-align: justify;\"><span style=\"font-size: 12pt; font-family: trebuchet ms, geneva, sans-serif; color: #000000;\">Nach etwas \u00dcberlegung haben wir es aber doch benennen k\u00f6nnen. Hier einige Sch\u00fclerantworten:<\/span><\/p>\n<ul style=\"text-align: justify;\">\n<li><strong><span style=\"font-size: 12pt; font-family: trebuchet ms, geneva, sans-serif; color: #000000;\">Gl\u00fcck ist etwas Sch\u00f6nes.<\/span><\/strong><\/li>\n<li><strong><span style=\"font-size: 12pt; font-family: trebuchet ms, geneva, sans-serif; color: #000000;\">Ich f\u00fchle es im Bauch; es ist warm.<\/span><\/strong><\/li>\n<li><strong><span style=\"font-size: 12pt; font-family: trebuchet ms, geneva, sans-serif; color: #000000;\">Ich bin dann fr\u00f6hlich und es geht mir gut.<\/span><\/strong><\/li>\n<li><strong><span style=\"font-size: 12pt; font-family: trebuchet ms, geneva, sans-serif; color: #000000;\">Ich freue mich; es ist, als wenn ich explodiere.<\/span><\/strong><\/li>\n<li><strong><span style=\"font-size: 12pt; font-family: trebuchet ms, geneva, sans-serif; color: #000000;\">Es kribbelt \u00fcberall.<\/span><\/strong><\/li>\n<li><strong><span style=\"font-size: 12pt; font-family: trebuchet ms, geneva, sans-serif; color: #000000;\">Ich lache dann ganz viel und freue mich.<\/span><\/strong><\/li>\n<\/ul>\n<p><a href=\"https:\/\/www.grundschule-am-stadtpark-steglitz.de\/wp-content\/uploads\/2025\/04\/K800_1.jpg\"><img loading=\"lazy\" decoding=\"async\" class=\"size-full wp-image-46182 aligncenter\" src=\"https:\/\/www.grundschule-am-stadtpark-steglitz.de\/wp-content\/uploads\/2025\/04\/K800_1.jpg\" alt=\"\" width=\"575\" height=\"587\" srcset=\"https:\/\/www.grundschule-am-stadtpark-steglitz.de\/wp-content\/uploads\/2025\/04\/K800_1.jpg 575w, https:\/\/www.grundschule-am-stadtpark-steglitz.de\/wp-content\/uploads\/2025\/04\/K800_1-294x300.jpg 294w\" sizes=\"auto, (max-width: 575px) 100vw, 575px\" \/><\/a><\/p>\n<p style=\"text-align: justify;\"><strong><span style=\"font-size: 12pt; font-family: trebuchet ms, geneva, sans-serif; color: #000000;\">Ich bin gl\u00fccklich, wenn ich<\/span><\/strong><\/p>\n<ul style=\"text-align: justify;\">\n<li><span style=\"font-size: 12pt; font-family: trebuchet ms, geneva, sans-serif; color: #000000;\"><a href=\"https:\/\/www.grundschule-am-stadtpark-steglitz.de\/wp-content\/uploads\/2025\/04\/K800_2.jpg\"><img loading=\"lazy\" decoding=\"async\" class=\"size-medium wp-image-46183 alignright\" src=\"https:\/\/www.grundschule-am-stadtpark-steglitz.de\/wp-content\/uploads\/2025\/04\/K800_2-175x300.jpg\" alt=\"\" width=\"175\" height=\"300\" srcset=\"https:\/\/www.grundschule-am-stadtpark-steglitz.de\/wp-content\/uploads\/2025\/04\/K800_2-175x300.jpg 175w, https:\/\/www.grundschule-am-stadtpark-steglitz.de\/wp-content\/uploads\/2025\/04\/K800_2.jpg 355w\" sizes=\"auto, (max-width: 175px) 100vw, 175px\" \/><\/a>mit meiner Familie zusammen bin.<\/span><\/li>\n<li><span style=\"font-size: 12pt; font-family: trebuchet ms, geneva, sans-serif; color: #000000;\">mit meinen Freunden spiele.<\/span><\/li>\n<li><span style=\"font-size: 12pt; font-family: trebuchet ms, geneva, sans-serif; color: #000000;\">etwas geschafft habe.<\/span><\/li>\n<li><span style=\"font-size: 12pt; font-family: trebuchet ms, geneva, sans-serif; color: #000000;\">meine Cousins\/Cousinen sehe, bei ihnen \u00fcbernachte.<\/span><\/li>\n<li><span style=\"font-size: 12pt; font-family: trebuchet ms, geneva, sans-serif; color: #000000;\">mit dem Flugzeug verreisen kann.<\/span><\/li>\n<li><span style=\"font-size: 12pt; font-family: trebuchet ms, geneva, sans-serif; color: #000000;\">meine Geschenke\/Weihnachtsgeschenke \u00f6ffnen kann.<\/span><\/li>\n<li><span style=\"font-size: 12pt; font-family: trebuchet ms, geneva, sans-serif; color: #000000;\">neue Kleidungsst\u00fccke bekomme.<\/span><\/li>\n<li><span style=\"font-size: 12pt; font-family: trebuchet ms, geneva, sans-serif; color: #000000;\">beim Fu\u00dfball ein Tor schie\u00dfe oder beim Basketball gewinne.<\/span><\/li>\n<li><span style=\"font-size: 12pt; font-family: trebuchet ms, geneva, sans-serif; color: #000000;\">gro\u00dfer Bruder werde.<\/span><\/li>\n<li><span style=\"font-size: 12pt; font-family: trebuchet ms, geneva, sans-serif; color: #000000;\">eigentlich immer.<\/span><\/li>\n<\/ul>\n<p style=\"text-align: justify;\"><span style=\"font-size: 12pt; font-family: trebuchet ms, geneva, sans-serif; color: #000000;\"><a href=\"https:\/\/www.grundschule-am-stadtpark-steglitz.de\/wp-content\/uploads\/2025\/04\/Gluecksbringer2.gif\"><img loading=\"lazy\" decoding=\"async\" class=\"size-full wp-image-46187 alignleft\" src=\"https:\/\/www.grundschule-am-stadtpark-steglitz.de\/wp-content\/uploads\/2025\/04\/Gluecksbringer2.gif\" alt=\"\" width=\"67\" height=\"124\"><\/a>Wir haben uns angeschaut, welche Gl\u00fccksbringer es gibt und dann ein Bild mit Marienk\u00e4fern gebastelt.<\/span><\/p>\n<p style=\"text-align: justify;\"><span style=\"font-size: 14pt;\"><strong><span style=\"font-family: trebuchet ms, geneva, sans-serif; color: #000000;\">Wir w\u00fcnschen allen Lesern viel Gl\u00fcck<br \/>\nund gr\u00fc\u00dfen aus der Klasse 2c<\/span><\/strong><\/span><\/p>\n<hr>\n<p style=\"text-align: justify;\"><strong><span style=\"font-size: 12pt; color: #000000;\"><span style=\"font-size: 18pt;\">Am 4. M\u00e4rz feierten wir Fasching.<\/span> <\/span><\/strong><\/p>\n<p style=\"text-align: justify;\"><span style=\"font-size: 14pt;\"><strong><span style=\"color: #000000;\">Alle Kinder hatten sich verkleidet. Nach einem leckeren Fr\u00fchst\u00fcck wurde getanzt, gelacht, gespielt und gemalt. Wir hatten viel Spa\u00df und freuen uns schon auf die Faschingsfeier im n\u00e4chsten Jahr.<\/span><\/strong><\/span><\/p>\n<p><a href=\"https:\/\/www.grundschule-am-stadtpark-steglitz.de\/wp-content\/uploads\/2025\/03\/K800_3.jpg\"><img loading=\"lazy\" decoding=\"async\" class=\"alignnone size-medium wp-image-46130\" src=\"https:\/\/www.grundschule-am-stadtpark-steglitz.de\/wp-content\/uploads\/2025\/03\/K800_3-158x300.jpg\" alt=\"\" width=\"158\" height=\"300\" srcset=\"https:\/\/www.grundschule-am-stadtpark-steglitz.de\/wp-content\/uploads\/2025\/03\/K800_3-158x300.jpg 158w, https:\/\/www.grundschule-am-stadtpark-steglitz.de\/wp-content\/uploads\/2025\/03\/K800_3.jpg 252w\" sizes=\"auto, (max-width: 158px) 100vw, 158px\" \/><\/a> <a href=\"https:\/\/www.grundschule-am-stadtpark-steglitz.de\/wp-content\/uploads\/2025\/03\/K800_4.jpg\"><img loading=\"lazy\" decoding=\"async\" class=\"alignnone size-medium wp-image-46131\" src=\"https:\/\/www.grundschule-am-stadtpark-steglitz.de\/wp-content\/uploads\/2025\/03\/K800_4-178x300.jpg\" alt=\"\" width=\"178\" height=\"300\" srcset=\"https:\/\/www.grundschule-am-stadtpark-steglitz.de\/wp-content\/uploads\/2025\/03\/K800_4-178x300.jpg 178w, https:\/\/www.grundschule-am-stadtpark-steglitz.de\/wp-content\/uploads\/2025\/03\/K800_4.jpg 285w\" sizes=\"auto, (max-width: 178px) 100vw, 178px\" \/><\/a> <a href=\"https:\/\/www.grundschule-am-stadtpark-steglitz.de\/wp-content\/uploads\/2025\/03\/K800_5.jpg\"><img loading=\"lazy\" decoding=\"async\" class=\"alignnone size-medium wp-image-46132\" src=\"https:\/\/www.grundschule-am-stadtpark-steglitz.de\/wp-content\/uploads\/2025\/03\/K800_5-136x300.jpg\" alt=\"\" width=\"136\" height=\"300\" srcset=\"https:\/\/www.grundschule-am-stadtpark-steglitz.de\/wp-content\/uploads\/2025\/03\/K800_5-136x300.jpg 136w, https:\/\/www.grundschule-am-stadtpark-steglitz.de\/wp-content\/uploads\/2025\/03\/K800_5.jpg 216w\" sizes=\"auto, (max-width: 136px) 100vw, 136px\" \/><\/a> <a href=\"https:\/\/www.grundschule-am-stadtpark-steglitz.de\/wp-content\/uploads\/2025\/03\/K800_6.jpg\"><img loading=\"lazy\" decoding=\"async\" class=\"alignnone size-medium wp-image-46133\" src=\"https:\/\/www.grundschule-am-stadtpark-steglitz.de\/wp-content\/uploads\/2025\/03\/K800_6-127x300.jpg\" alt=\"\" width=\"127\" height=\"300\" srcset=\"https:\/\/www.grundschule-am-stadtpark-steglitz.de\/wp-content\/uploads\/2025\/03\/K800_6-127x300.jpg 127w, https:\/\/www.grundschule-am-stadtpark-steglitz.de\/wp-content\/uploads\/2025\/03\/K800_6.jpg 202w\" sizes=\"auto, (max-width: 127px) 100vw, 127px\" \/><\/a><\/p>\n<p style=\"text-align: justify;\"><span style=\"font-size: 12pt; color: #000000;\">Am 13. M\u00e4rz ging es in den Stadtpark. Wir wollten den Fr\u00fchling finden. Schon auf dem Weg zum Park entdeckten wir \u00fcberall ein zartes Gr\u00fcn in den B\u00fcschen, dicke Knospen an den B\u00e4umen und Schneegl\u00f6ckchen, Krokusse und Narzissen am Wegesrand und in den Vorg\u00e4rten. <\/span><\/p>\n<p><a href=\"https:\/\/www.grundschule-am-stadtpark-steglitz.de\/wp-content\/uploads\/2025\/03\/K800_7-rotated.jpg\"><img loading=\"lazy\" decoding=\"async\" class=\"size-full wp-image-46135 aligncenter\" src=\"https:\/\/www.grundschule-am-stadtpark-steglitz.de\/wp-content\/uploads\/2025\/03\/K800_7-rotated.jpg\" alt=\"\" width=\"381\" height=\"508\" srcset=\"https:\/\/www.grundschule-am-stadtpark-steglitz.de\/wp-content\/uploads\/2025\/03\/K800_7-rotated.jpg 381w, https:\/\/www.grundschule-am-stadtpark-steglitz.de\/wp-content\/uploads\/2025\/03\/K800_7-225x300.jpg 225w\" sizes=\"auto, (max-width: 381px) 100vw, 381px\" \/><\/a><\/p>\n<p style=\"text-align: justify;\"><span style=\"font-size: 12pt; color: #000000;\">Im Stadtpark lauschten wir den Ger\u00e4uschen und konnten viele unterschiedliche V\u00f6gel h\u00f6ren und sehen. Dann wurden wir selbst zu V\u00f6geln, die sich auf die Suche nach Nistmaterial f\u00fcr ihr Nest begeben sollten. Eine tolle Aufgabe, die uns viel Freude machte. Wir bauten ganz viele Nester, keines glich dem anderen. Es war toll zu sehen, wie unterschiedlich unsere Nester in Material und Gr\u00f6\u00dfe waren.<\/span><\/p>\n<p><a href=\"https:\/\/www.grundschule-am-stadtpark-steglitz.de\/wp-content\/uploads\/2025\/03\/K800_8.jpg\"><img loading=\"lazy\" decoding=\"async\" class=\"size-full wp-image-46136 aligncenter\" src=\"https:\/\/www.grundschule-am-stadtpark-steglitz.de\/wp-content\/uploads\/2025\/03\/K800_8.jpg\" alt=\"\" width=\"557\" height=\"418\" srcset=\"https:\/\/www.grundschule-am-stadtpark-steglitz.de\/wp-content\/uploads\/2025\/03\/K800_8.jpg 557w, https:\/\/www.grundschule-am-stadtpark-steglitz.de\/wp-content\/uploads\/2025\/03\/K800_8-300x225.jpg 300w\" sizes=\"auto, (max-width: 557px) 100vw, 557px\" \/><\/a><\/p>\n<p style=\"text-align: justify;\"><span style=\"font-size: 12pt; color: #000000;\">Wieder in der Schule angekommen, bastelten wir Fr\u00fchlingsbilder f\u00fcr unsere Klassenzimmerfenster. Diese sind richtig toll geworden und leuchten so sch\u00f6n im Sonnenschein. Seht selbst.<\/span><\/p>\n<p><a href=\"https:\/\/www.grundschule-am-stadtpark-steglitz.de\/wp-content\/uploads\/2025\/03\/K800_10.jpg\"><img loading=\"lazy\" decoding=\"async\" class=\"size-full wp-image-46137 aligncenter\" src=\"https:\/\/www.grundschule-am-stadtpark-steglitz.de\/wp-content\/uploads\/2025\/03\/K800_10.jpg\" alt=\"\" width=\"756\" height=\"498\" srcset=\"https:\/\/www.grundschule-am-stadtpark-steglitz.de\/wp-content\/uploads\/2025\/03\/K800_10.jpg 756w, https:\/\/www.grundschule-am-stadtpark-steglitz.de\/wp-content\/uploads\/2025\/03\/K800_10-300x198.jpg 300w\" sizes=\"auto, (max-width: 756px) 100vw, 756px\" \/><\/a><\/p>\n<p style=\"text-align: justify;\"><em><strong><span style=\"font-size: 12pt; color: #000000;\">Viele Gr\u00fc\u00dfe von der Klasse 2c mit Frau Breddin<\/span><\/strong><\/em><\/p>\n<p><a href=\"https:\/\/www.grundschule-am-stadtpark-steglitz.de\/wp-content\/uploads\/2025\/03\/K800_11.jpg\"><img loading=\"lazy\" decoding=\"async\" class=\"size-full wp-image-46138 aligncenter\" src=\"https:\/\/www.grundschule-am-stadtpark-steglitz.de\/wp-content\/uploads\/2025\/03\/K800_11.jpg\" alt=\"\" width=\"1228\" height=\"506\" srcset=\"https:\/\/www.grundschule-am-stadtpark-steglitz.de\/wp-content\/uploads\/2025\/03\/K800_11.jpg 1228w, https:\/\/www.grundschule-am-stadtpark-steglitz.de\/wp-content\/uploads\/2025\/03\/K800_11-300x124.jpg 300w, https:\/\/www.grundschule-am-stadtpark-steglitz.de\/wp-content\/uploads\/2025\/03\/K800_11-1024x422.jpg 1024w, https:\/\/www.grundschule-am-stadtpark-steglitz.de\/wp-content\/uploads\/2025\/03\/K800_11-768x316.jpg 768w\" sizes=\"auto, (max-width: 1228px) 100vw, 1228px\" \/><\/a><\/p>\n<hr>\n<p style=\"text-align: center;\"><span style=\"font-size: 18pt;\"><strong><span style=\"color: #000000;\"><a href=\"https:\/\/www.grundschule-am-stadtpark-steglitz.de\/wp-content\/uploads\/2024\/10\/Loewe.gif\"><img loading=\"lazy\" decoding=\"async\" class=\"size-full wp-image-45177 alignright\" src=\"https:\/\/www.grundschule-am-stadtpark-steglitz.de\/wp-content\/uploads\/2024\/10\/Loewe.gif\" alt=\"\" width=\"164\" height=\"173\"><\/a>&#8230;melden sich zur\u00fcck<\/span><\/strong><\/span><\/p>\n<p style=\"text-align: center;\"><strong><span style=\"color: #000000; font-size: 14pt;\">In den ersten Schultagen hatten wir uns viel Spannendes und Sch\u00f6nes von unseren Sommerferien zu erz\u00e4hlen. Es wurden Mitbringsel gezeigt und herumgereicht: Muscheln, Steine, Eintrittskarten, Prospekte, Spielkarten, Fotos, Magnete &#8230;<\/span><\/strong><\/p>\n<p><a href=\"https:\/\/www.grundschule-am-stadtpark-steglitz.de\/wp-content\/uploads\/2024\/10\/K800_1-3-rotated.jpg\">&nbsp;&nbsp;&nbsp; &nbsp; &nbsp; &nbsp; <img loading=\"lazy\" decoding=\"async\" class=\"alignnone size-medium wp-image-45159\" src=\"https:\/\/www.grundschule-am-stadtpark-steglitz.de\/wp-content\/uploads\/2024\/10\/K800_1-3-225x300.jpg\" alt=\"\" width=\"225\" height=\"300\" srcset=\"https:\/\/www.grundschule-am-stadtpark-steglitz.de\/wp-content\/uploads\/2024\/10\/K800_1-3-225x300.jpg 225w, https:\/\/www.grundschule-am-stadtpark-steglitz.de\/wp-content\/uploads\/2024\/10\/K800_1-3-rotated.jpg 393w\" sizes=\"auto, (max-width: 225px) 100vw, 225px\" \/><\/a> &nbsp; &nbsp; &nbsp; &nbsp; &nbsp; &nbsp;&nbsp; &nbsp; &nbsp;&nbsp; &nbsp;&nbsp;<a href=\"https:\/\/www.grundschule-am-stadtpark-steglitz.de\/wp-content\/uploads\/2024\/10\/K800_2-2-rotated.jpg\"><img loading=\"lazy\" decoding=\"async\" class=\"alignnone size-medium wp-image-45160\" src=\"https:\/\/www.grundschule-am-stadtpark-steglitz.de\/wp-content\/uploads\/2024\/10\/K800_2-2-225x300.jpg\" alt=\"\" width=\"225\" height=\"300\" srcset=\"https:\/\/www.grundschule-am-stadtpark-steglitz.de\/wp-content\/uploads\/2024\/10\/K800_2-2-225x300.jpg 225w, https:\/\/www.grundschule-am-stadtpark-steglitz.de\/wp-content\/uploads\/2024\/10\/K800_2-2-rotated.jpg 396w\" sizes=\"auto, (max-width: 225px) 100vw, 225px\" \/><\/a><\/p>\n<p><a href=\"https:\/\/www.grundschule-am-stadtpark-steglitz.de\/wp-content\/uploads\/2024\/10\/K800_3-2-rotated.jpg\">&nbsp; &nbsp; &nbsp; &nbsp;&nbsp;&nbsp; <img loading=\"lazy\" decoding=\"async\" class=\"alignnone size-medium wp-image-45161\" src=\"https:\/\/www.grundschule-am-stadtpark-steglitz.de\/wp-content\/uploads\/2024\/10\/K800_3-2-225x300.jpg\" alt=\"\" width=\"225\" height=\"300\" srcset=\"https:\/\/www.grundschule-am-stadtpark-steglitz.de\/wp-content\/uploads\/2024\/10\/K800_3-2-225x300.jpg 225w, https:\/\/www.grundschule-am-stadtpark-steglitz.de\/wp-content\/uploads\/2024\/10\/K800_3-2-rotated.jpg 394w\" sizes=\"auto, (max-width: 225px) 100vw, 225px\" \/><\/a> &nbsp; &nbsp; &nbsp; &nbsp; &nbsp; &nbsp;&nbsp; &nbsp;&nbsp; &nbsp;&nbsp; &nbsp;<a href=\"https:\/\/www.grundschule-am-stadtpark-steglitz.de\/wp-content\/uploads\/2024\/10\/K800_4-2-rotated.jpg\"><img loading=\"lazy\" decoding=\"async\" class=\"alignnone size-medium wp-image-45162\" src=\"https:\/\/www.grundschule-am-stadtpark-steglitz.de\/wp-content\/uploads\/2024\/10\/K800_4-2-225x300.jpg\" alt=\"\" width=\"225\" height=\"300\" srcset=\"https:\/\/www.grundschule-am-stadtpark-steglitz.de\/wp-content\/uploads\/2024\/10\/K800_4-2-225x300.jpg 225w, https:\/\/www.grundschule-am-stadtpark-steglitz.de\/wp-content\/uploads\/2024\/10\/K800_4-2-rotated.jpg 391w\" sizes=\"auto, (max-width: 225px) 100vw, 225px\" \/><\/a><\/p>\n<p style=\"text-align: justify;\"><span style=\"color: #000000; font-size: 12pt;\">Dann haben wir einen Fotoapparat aus Papier gebastelt und alle unsere Sommerferien-Eindr\u00fccke und Erlebnisse festgehalten. Schaut mal, wie sch\u00f6n sie geworden sind.<\/span><\/p>\n<p><a href=\"https:\/\/www.grundschule-am-stadtpark-steglitz.de\/wp-content\/uploads\/2024\/10\/K800_5-1.jpg\"><img loading=\"lazy\" decoding=\"async\" class=\"size-full wp-image-45172 aligncenter\" src=\"https:\/\/www.grundschule-am-stadtpark-steglitz.de\/wp-content\/uploads\/2024\/10\/K800_5-1.jpg\" alt=\"\" width=\"626\" height=\"396\" srcset=\"https:\/\/www.grundschule-am-stadtpark-steglitz.de\/wp-content\/uploads\/2024\/10\/K800_5-1.jpg 626w, https:\/\/www.grundschule-am-stadtpark-steglitz.de\/wp-content\/uploads\/2024\/10\/K800_5-1-300x190.jpg 300w\" sizes=\"auto, (max-width: 626px) 100vw, 626px\" \/><\/a><\/p>\n<p style=\"text-align: justify;\"><span style=\"color: #000000; font-size: 12pt;\">Das erste Highlight war die Einschulung, bei der wir Gedichte und Lieder vorf\u00fchren durften. Wir waren sehr aufgeregt, aber auch wahnsinnig stolz, dass alles so gut geklappt hat und die neuen Stadtparker*innen gut angekommen sind.<\/span><\/p>\n<p><a href=\"https:\/\/www.grundschule-am-stadtpark-steglitz.de\/wp-content\/uploads\/2024\/10\/K800_8-1.jpg\"><img loading=\"lazy\" decoding=\"async\" class=\"size-full wp-image-45174 aligncenter\" src=\"https:\/\/www.grundschule-am-stadtpark-steglitz.de\/wp-content\/uploads\/2024\/10\/K800_8-1.jpg\" alt=\"\" width=\"286\" height=\"382\" srcset=\"https:\/\/www.grundschule-am-stadtpark-steglitz.de\/wp-content\/uploads\/2024\/10\/K800_8-1.jpg 286w, https:\/\/www.grundschule-am-stadtpark-steglitz.de\/wp-content\/uploads\/2024\/10\/K800_8-1-225x300.jpg 225w\" sizes=\"auto, (max-width: 286px) 100vw, 286px\" \/><\/a><\/p>\n<p style=\"text-align: justify;\"><span style=\"color: #000000; font-size: 12pt;\">In unserem Kunstprojekt \u201eDie Klasse 2c greift nach den Sternen\u201c, haben wir unsere Ziele f\u00fcr das 2. Schuljahr aufgeschrieben: Nat\u00fcrlich steht das Lernen und Entdecken an erster Stelle. Da passt es gut, dass wir in Mathematik den Zahlenraum bis 100 erforschen und uns in Deutsch mit dem ABC besch\u00e4ftigen und weiterhin mit Freude und Spa\u00df die Lies mal-Hefte bearbeiten.<\/span><\/p>\n<p><a href=\"https:\/\/www.grundschule-am-stadtpark-steglitz.de\/wp-content\/uploads\/2024\/10\/K800_9.jpg\"><img loading=\"lazy\" decoding=\"async\" class=\"alignnone size-full wp-image-45175\" src=\"https:\/\/www.grundschule-am-stadtpark-steglitz.de\/wp-content\/uploads\/2024\/10\/K800_9.jpg\" alt=\"\" width=\"1386\" height=\"337\" srcset=\"https:\/\/www.grundschule-am-stadtpark-steglitz.de\/wp-content\/uploads\/2024\/10\/K800_9.jpg 1386w, https:\/\/www.grundschule-am-stadtpark-steglitz.de\/wp-content\/uploads\/2024\/10\/K800_9-300x73.jpg 300w, https:\/\/www.grundschule-am-stadtpark-steglitz.de\/wp-content\/uploads\/2024\/10\/K800_9-1024x249.jpg 1024w, https:\/\/www.grundschule-am-stadtpark-steglitz.de\/wp-content\/uploads\/2024\/10\/K800_9-768x187.jpg 768w\" sizes=\"auto, (max-width: 1386px) 100vw, 1386px\" \/><\/a><\/p>\n<p style=\"text-align: justify;\"><span style=\"color: #000000; font-size: 12pt;\">Wir freuen uns auf ein tolles, aufregendes und abwechslungsreiches Schuljahr mit vielen neuen Eindr\u00fccken.<\/span><\/p>\n<p style=\"text-align: justify;\"><em><strong><span style=\"color: #000000; font-size: 12pt;\">Viele Gr\u00fc\u00dfe von den L\u00f6wen und bis bald eure Klasse 2c<\/span><\/strong><\/em><\/p>\n","protected":false},"excerpt":{"rendered":"<p>Am 20. M\u00e4rz haben wir im Unterricht zum Thema Gl\u00fcck gearbeitet. Was ist eigentlich Gl\u00fcck? Gar nicht so leicht, diese Frage zu beantworten. Nach etwas \u00dcberlegung haben wir es aber doch benennen k\u00f6nnen. Hier einige Sch\u00fclerantworten: Gl\u00fcck ist etwas Sch\u00f6nes. Ich f\u00fchle es im Bauch; es ist warm. Ich bin dann fr\u00f6hlich und es geht<\/p>\n<p><a class=\"more-link\" href=\"https:\/\/www.grundschule-am-stadtpark-steglitz.de\/?page_id=46806\">Mehr&#8230;<\/a><\/p>\n","protected":false},"author":2,"featured_media":0,"parent":0,"menu_order":0,"comment_status":"closed","ping_status":"closed","template":"","meta":{"ngg_post_thumbnail":0,"footnotes":""},"class_list":["post-46806","page","type-page","status-publish","hentry"],"_links":{"self":[{"href":"https:\/\/www.grundschule-am-stadtpark-steglitz.de\/index.php?rest_route=\/wp\/v2\/pages\/46806","targetHints":{"allow":["GET"]}}],"collection":[{"href":"https:\/\/www.grundschule-am-stadtpark-steglitz.de\/index.php?rest_route=\/wp\/v2\/pages"}],"about":[{"href":"https:\/\/www.grundschule-am-stadtpark-steglitz.de\/index.php?rest_route=\/wp\/v2\/types\/page"}],"author":[{"embeddable":true,"href":"https:\/\/www.grundschule-am-stadtpark-steglitz.de\/index.php?rest_route=\/wp\/v2\/users\/2"}],"replies":[{"embeddable":true,"href":"https:\/\/www.grundschule-am-stadtpark-steglitz.de\/index.php?rest_route=%2Fwp%2Fv2%2Fcomments&post=46806"}],"version-history":[{"count":1,"href":"https:\/\/www.grundschule-am-stadtpark-steglitz.de\/index.php?rest_route=\/wp\/v2\/pages\/46806\/revisions"}],"predecessor-version":[{"id":46808,"href":"https:\/\/www.grundschule-am-stadtpark-steglitz.de\/index.php?rest_route=\/wp\/v2\/pages\/46806\/revisions\/46808"}],"wp:attachment":[{"href":"https:\/\/www.grundschule-am-stadtpark-steglitz.de\/index.php?rest_route=%2Fwp%2Fv2%2Fmedia&parent=46806"}],"curies":[{"name":"wp","href":"https:\/\/api.w.org\/{rel}","templated":true}]}}